{"id":776,"date":"2023-12-04T17:37:44","date_gmt":"2023-12-04T17:37:44","guid":{"rendered":"https:\/\/vullaprendrecatala.com\/declaracio-daccessibilitat\/"},"modified":"2024-01-09T16:39:27","modified_gmt":"2024-01-09T16:39:27","slug":"declaracio-daccessibilitat","status":"publish","type":"page","link":"https:\/\/vullaprendrecatala.com\/es\/declaracio-daccessibilitat\/","title":{"rendered":"Declaraci\u00f3n de accesibilidad"},"content":{"rendered":"\t\t<div data-elementor-type=\"wp-page\" data-elementor-id=\"776\" class=\"elementor elementor-776 elementor-52\" data-elementor-post-type=\"page\">\n\t\t\t\t<div class=\"elementor-element elementor-element-5a0674e e-flex e-con-boxed e-con e-parent\" data-id=\"5a0674e\" data-element_type=\"container\" data-e-type=\"container\">\n\t\t\t\t\t<div class=\"e-con-inner\">\n\t\t\t\t<div class=\"elementor-element elementor-element-d84e78f elementor-widget elementor-widget-text-editor\" data-id=\"d84e78f\" data-element_type=\"widget\" data-e-type=\"widget\" data-widget_type=\"text-editor.default\">\n\t\t\t\t<div class=\"elementor-widget-container\">\n\t\t\t\t\t\t\t\t\t<h1>Declaraci\u00f3n de accesibilidad<\/h1><p>La Declaraci\u00f3n de Accesibilidad Web con etiquetado y el plugin <a class=\"one\" href=\"https:\/\/wpaccessibility.io\/\" target=\"_blank\" rel=\"noopener\"> One Click Accessibility (OCA)<\/a> \u00a0garantiza que los usuarios de nuestro sitio web disfruten de una experiencia de navegaci\u00f3n sin obst\u00e1culos. El etiquetado y el plugin OCA proporcionan un entorno de navegaci\u00f3n que es f\u00e1cil de leer y de entender para los usuarios con discapacidad, incluidos aquellos con problemas visuales, auditivos, f\u00edsicos, cognitivos y de aprendizaje. El etiquetado y el plugin OCA proporcionan herramientas para mejorar la accesibilidad, incluidas las siguientes:\u00a0<\/p><h2>Declaraci\u00f3n de accesibilidad HTML<\/h2><p>El etiquetado html de la p\u00e1gina web incluye etiquetas de t\u00edtulo, encabezados, listas, etiquetas de imagen y enlaces. Estas etiquetas proporcionan una estructura a la p\u00e1gina web para que los usuarios con discapacidad puedan navegar por el contenido de manera m\u00e1s f\u00e1cil.<\/p><h2>Plugin OCA<\/h2><p>El plugin OCA proporciona herramientas para mejorar la accesibilidad para los usuarios con discapacidad. Estas herramientas incluyen una opci\u00f3n para ampliar el tama\u00f1o del texto, una opci\u00f3n para leer el contenido en voz alta, una opci\u00f3n para cambiar los colores de fondo y letras, una opci\u00f3n para cambiar los tiempos de espera y una opci\u00f3n para deshabilitar los efectos de animaci\u00f3n. Estas herramientas permiten a los usuarios personalizar el contenido a sus necesidades para una mejor experiencia de usuario.\u00a0<\/p>\t\t\t\t\t\t\t\t<\/div>\n\t\t\t\t<\/div>\n\t\t\t\t\t<\/div>\n\t\t\t\t<\/div>\n\t\t\t\t<\/div>\n\t\t","protected":false},"excerpt":{"rendered":"<p>Declaraci\u00f3n de accesibilidad La Declaraci\u00f3n de Accesibilidad Web con etiquetado y el plugin One Click Accessibility (OCA) \u00a0garantiza que los usuarios de nuestro sitio web disfruten de una experiencia de navegaci\u00f3n sin obst\u00e1culos. El etiquetado y el plugin OCA proporcionan un entorno de navegaci\u00f3n que es f\u00e1cil de leer y de entender para los usuarios [&hellip;]<\/p>\n","protected":false},"author":9,"featured_media":0,"parent":0,"menu_order":0,"comment_status":"closed","ping_status":"closed","template":"elementor_header_footer","meta":{"footnotes":""},"class_list":["post-776","page","type-page","status-publish","hentry"],"_links":{"self":[{"href":"https:\/\/vullaprendrecatala.com\/es\/wp-json\/wp\/v2\/pages\/776","targetHints":{"allow":["GET"]}}],"collection":[{"href":"https:\/\/vullaprendrecatala.com\/es\/wp-json\/wp\/v2\/pages"}],"about":[{"href":"https:\/\/vullaprendrecatala.com\/es\/wp-json\/wp\/v2\/types\/page"}],"author":[{"embeddable":true,"href":"https:\/\/vullaprendrecatala.com\/es\/wp-json\/wp\/v2\/users\/9"}],"replies":[{"embeddable":true,"href":"https:\/\/vullaprendrecatala.com\/es\/wp-json\/wp\/v2\/comments?post=776"}],"version-history":[{"count":1,"href":"https:\/\/vullaprendrecatala.com\/es\/wp-json\/wp\/v2\/pages\/776\/revisions"}],"predecessor-version":[{"id":779,"href":"https:\/\/vullaprendrecatala.com\/es\/wp-json\/wp\/v2\/pages\/776\/revisions\/779"}],"wp:attachment":[{"href":"https:\/\/vullaprendrecatala.com\/es\/wp-json\/wp\/v2\/media?parent=776"}],"curies":[{"name":"wp","href":"https:\/\/api.w.org\/{rel}","templated":true}]}}